{"id":6076,"date":"2023-05-01T16:49:11","date_gmt":"2023-05-01T13:49:11","guid":{"rendered":"https:\/\/immigratecan.ca\/?page_id=6076"},"modified":"2023-05-01T16:50:43","modified_gmt":"2023-05-01T13:50:43","slug":"new_invitations_from_provinces","status":"publish","type":"page","link":"https:\/\/immigratecan.ca\/uk\/all-about-canada\/news\/new_invitations_from_provinces\/","title":{"rendered":"\u042f\u043a\u0456 \u0447\u043e\u0442\u0438\u0440\u0438 \u043f\u0440\u043e\u0432\u0456\u043d\u0446\u0456\u0457 \u0437\u0430\u043f\u0440\u043e\u0441\u0438\u043b\u0438 \u043a\u0430\u043d\u0434\u0438\u0434\u0430\u0442\u0456\u0432 \u043d\u0430 \u043e\u0441\u0442\u0430\u043d\u043d\u0456 \u043f\u0440\u043e\u0432\u0456\u043d\u0446\u0456\u0439\u043d\u0456 \u0456\u043c\u043c\u0456\u0433\u0440\u0430\u0446\u0456\u0439\u043d\u0456 \u0432\u0456\u0434\u0431\u043e\u0440\u0438?"},"content":{"rendered":"<p>\u0411\u0440\u0438\u0442\u0430\u043d\u0441\u044c\u043a\u0430 \u041a\u043e\u043b\u0443\u043c\u0431\u0456\u044f, \u0410\u043b\u044c\u0431\u0435\u0440\u0442\u0430, \u041a\u0432\u0435\u0431\u0435\u043a \u0442\u0430 \u041c\u0430\u043d\u0456\u0442\u043e\u0431\u0430 \u0432\u0438\u0434\u0430\u044e\u0442\u044c \u0437\u0430\u043f\u0440\u043e\u0448\u0435\u043d\u043d\u044f \u0434\u043b\u044f \u043f\u0440\u043e\u0432\u0456\u043d\u0446\u0456\u0439\u043d\u043e\u0457 \u0456\u043c\u043c\u0456\u0433\u0440\u0430\u0446\u0456\u0457.<\/p>\r\n<p>\u0411\u0456\u043b\u044c\u0448\u0456\u0441\u0442\u044c \u0435\u043a\u043e\u043d\u043e\u043c\u0456\u0447\u043d\u0438\u0445 \u0456\u043c\u043c\u0456\u0433\u0440\u0430\u043d\u0442\u0456\u0432, \u044f\u043a\u0456 \u043f\u043e\u0441\u0442\u0456\u0439\u043d\u043e \u043c\u0435\u0448\u043a\u0430\u044e\u0442\u044c \u0443 \u041a\u0430\u043d\u0430\u0434\u0456, \u043f\u0440\u0438\u0431\u0443\u0432\u0430\u044e\u0442\u044c \u0434\u043e \u041a\u0430\u043d\u0430\u0434\u0438 \u0432 \u0440\u0430\u043c\u043a\u0430\u0445 \u043f\u0440\u043e\u0433\u0440\u0430\u043c\u0438 Provincial Nominee Program (PNP). \u0423 \u041f\u043b\u0430\u043d\u0456 \u0440\u0456\u0432\u043d\u0456\u0432 \u0456\u043c\u043c\u0456\u0433\u0440\u0430\u0446\u0456\u0457 \u043d\u0430 2023\u20132025 \u0440\u043e\u043a\u0438 \u043f\u043e\u0441\u0442\u0430\u0432\u043b\u0435\u043d\u043e \u043c\u0435\u0442\u0443, \u0449\u043e\u0431 \u0434\u043e 2025 \u0440\u043e\u043a\u0443 \u0434\u043e \u041a\u0430\u043d\u0430\u0434\u0438 \u0449\u043e\u0440\u043e\u043a\u0443 \u043f\u0440\u0438\u0431\u0443\u0432\u0430\u043b\u043e \u043f\u043e\u043d\u0430\u0434 117 500 \u043d\u043e\u0432\u0438\u0445 \u043f\u043e\u0441\u0442\u0456\u0439\u043d\u0438\u0445 \u043c\u0435\u0448\u043a\u0430\u043d\u0446\u0456\u0432 PNP.<\/p>\r\n<p>PNP \u0434\u043e\u043f\u043e\u043c\u0430\u0433\u0430\u044e\u0442\u044c \u043f\u043e\u0448\u0438\u0440\u044e\u0432\u0430\u0442\u0438 \u0435\u043a\u043e\u043d\u043e\u043c\u0456\u0447\u043d\u0456 \u0432\u0438\u0433\u043e\u0434\u0438 \u0432\u0456\u0434 \u0456\u043c\u043c\u0456\u0433\u0440\u0430\u0446\u0456\u0457 \u043f\u043e \u0432\u0441\u0456\u0439 \u043a\u0440\u0430\u0457\u043d\u0456, \u0437\u0430\u043c\u0456\u0441\u0442\u044c \u0442\u043e\u0433\u043e, \u0449\u043e\u0431 \u0431\u0456\u043b\u044c\u0448\u0456\u0441\u0442\u044c \u0456\u043c\u043c\u0456\u0433\u0440\u0430\u043d\u0442\u0456\u0432 \u0441\u0435\u043b\u0438\u043b\u0438\u0441\u044f \u0432 \u043a\u0456\u043b\u044c\u043a\u043e\u0445 \u043c\u0456\u0441\u044c\u043a\u0438\u0445 \u0446\u0435\u043d\u0442\u0440\u0430\u0445 \u041a\u0430\u043d\u0430\u0434\u0438, \u044f\u043a \u0446\u0435 \u0431\u0443\u043b\u043e \u0434\u043e \u0437\u0430\u0441\u043d\u0443\u0432\u0430\u043d\u043d\u044f \u043f\u0440\u043e\u0433\u0440\u0430\u043c\u0438 \u0443 1998 \u0440\u043e\u0446\u0456.<\/p>\r\n<p>\u0411\u0440\u0438\u0442\u0430\u043d\u0441\u044c\u043a\u0430 \u041a\u043e\u043b\u0443\u043c\u0431\u0456\u044f<\/p>\r\n<p>\u0411\u0440\u0438\u0442\u0430\u043d\u0441\u044c\u043a\u0430 \u041a\u043e\u043b\u0443\u043c\u0431\u0456\u044f \u0437\u0430\u043f\u0440\u043e\u0441\u0438\u043b\u0430 168 \u043a\u0430\u043d\u0434\u0438\u0434\u0430\u0442\u0456\u0432 \u0443 \u0442\u0440\u044c\u043e\u0445 \u0446\u0456\u043b\u044c\u043e\u0432\u0438\u0445 \u0432\u0456\u0434\u0431\u043e\u0440\u0430\u0445 25 \u043a\u0432\u0456\u0442\u043d\u044f.<\/p>\r\n<p>\u041a\u0430\u043d\u0434\u0438\u0434\u0430\u0442\u0438 \u0432 BC PNP \u043f\u043e\u0432\u0438\u043d\u043d\u0456 \u0432\u0456\u0434\u043f\u043e\u0432\u0456\u0434\u0430\u0442\u0438 \u043c\u0456\u043d\u0456\u043c\u0430\u043b\u044c\u043d\u0438\u043c \u043f\u043e\u0440\u043e\u0433\u043e\u0432\u0438\u043c \u0431\u0430\u043b\u0430\u043c \u0432\u0456\u0434\u043f\u043e\u0432\u0456\u0434\u043d\u043e \u0434\u043e \u0441\u0438\u0441\u0442\u0435\u043c\u0438 \u0440\u0435\u0454\u0441\u0442\u0440\u0430\u0446\u0456\u0457 \u043d\u0430\u0432\u0438\u0447\u043e\u043a \u0456\u043c\u043c\u0456\u0433\u0440\u0430\u0446\u0456\u0457 (SIRS). \u0426\u0435 \u0441\u0445\u043e\u0436\u0435 \u043d\u0430 \u041a\u043e\u043c\u043f\u043b\u0435\u043a\u0441\u043d\u0443 \u0440\u0435\u0439\u0442\u0438\u043d\u0433\u043e\u0432\u0443 \u0441\u0438\u0441\u0442\u0435\u043c\u0443 Express Entry (CRS), \u0430\u043b\u0435 \u043f\u0440\u0438\u0437\u043d\u0430\u0447\u0435\u043d\u0435 \u0442\u0456\u043b\u044c\u043a\u0438 \u0434\u043b\u044f \u0442\u0438\u0445, \u0445\u0442\u043e \u0445\u043e\u0447\u0435 \u043e\u0442\u0440\u0438\u043c\u0430\u0442\u0438 \u043f\u0440\u043e\u0432\u0456\u043d\u0446\u0456\u0439\u043d\u0443 \u043d\u043e\u043c\u0456\u043d\u0430\u0446\u0456\u044e \u0432\u0456\u0434 \u0411\u0440\u0438\u0442\u0430\u043d\u0441\u044c\u043a\u043e\u0457 \u041a\u043e\u043b\u0443\u043c\u0431\u0456\u0457.<\/p>\r\n<p>\u0423\u0441\u0456 \u043a\u0430\u043d\u0434\u0438\u0434\u0430\u0442\u0438, \u044f\u043a\u0456 \u0431\u0440\u0430\u043b\u0438 \u0443\u0447\u0430\u0441\u0442\u044c \u0443 \u0432\u0456\u0434\u0431\u043e\u0440\u0456 \u0446\u044c\u043e\u0433\u043e \u0442\u0438\u0436\u043d\u044f, \u0431\u0443\u043b\u0438 \u0443 \u043f\u043e\u0442\u043e\u043a\u0430\u0445 Skilled Worker \u0430\u0431\u043e International Graduate, \u0432\u043a\u043b\u044e\u0447\u0430\u044e\u0447\u0438 \u043a\u0430\u043d\u0434\u0438\u0434\u0430\u0442\u0456\u0432 Express Entry.<\/p>\r\n<p>\u0410\u043b\u044c\u0431\u0435\u0440\u0442\u0430<\/p>\r\n<p>\u0426\u044c\u043e\u0433\u043e \u0442\u0438\u0436\u043d\u044f \u0410\u043b\u044c\u0431\u0435\u0440\u0442\u0430 \u043e\u043f\u0443\u0431\u043b\u0456\u043a\u0443\u0432\u0430\u043b\u0430 \u0442\u0440\u0438 \u043e\u043a\u0440\u0435\u043c\u0456 \u0440\u0435\u0437\u0443\u043b\u044c\u0442\u0430\u0442\u0438 \u0432\u0456\u0434\u0431\u043e\u0440\u0456\u0432 \u0443 \u0440\u0430\u043c\u043a\u0430\u0445 \u0456\u043c\u043c\u0456\u0433\u0440\u0430\u0446\u0456\u0439\u043d\u043e\u0457 \u043f\u0440\u043e\u0433\u0440\u0430\u043c\u0438 Alberta Advantage Immigration Program (AAIP). \u0423\u0441\u0456 \u043a\u0430\u043d\u0434\u0438\u0434\u0430\u0442\u0438 \u0442\u0430\u043a\u043e\u0436 \u0431\u0443\u043b\u0438 \u0432 \u043f\u0443\u043b\u0456 Express Entry.<\/p>\r\n<p>\u041f\u0435\u0440\u0448\u0438\u0439 \u0432\u0456\u0434\u0431\u0443\u0432\u0441\u044f 20 \u043a\u0432\u0456\u0442\u043d\u044f \u0456 \u0431\u0443\u0432 \u043d\u0430\u0446\u0456\u043b\u0435\u043d\u0438\u0439 \u043d\u0430 152 \u043a\u0430\u043d\u0434\u0438\u0434\u0430\u0442\u0438, \u044f\u043a\u0456 \u043c\u0430\u044e\u0442\u044c \u0441\u0456\u043c\u0435\u0439\u043d\u0456 \u0437\u0432&#8217;\u044f\u0437\u043a\u0438 \u0432 \u0410\u043b\u044c\u0431\u0435\u0440\u0442\u0456 \u0442\u0430 \u043e\u0441\u043d\u043e\u0432\u043d\u0443 \u043f\u043e\u043f\u0443\u043b\u044f\u0440\u043d\u0443 \u043f\u0440\u043e\u0444\u0435\u0441\u0456\u044e. \u0423\u0441\u0456 \u043c\u0430\u043b\u0438 \u043c\u0456\u043d\u0456\u043c\u0430\u043b\u044c\u043d\u0438\u0439 \u0431\u0430\u043b CRS \u0432 \u0434\u0456\u0430\u043f\u0430\u0437\u043e\u043d\u0456 \u0432\u0456\u0434 300 \u0434\u043e 500.<\/p>\r\n<p>\u041a\u0432\u0435\u0431\u0435\u043a<\/p>\r\n<p>20 \u043a\u0432\u0456\u0442\u043d\u044f \u041a\u0432\u0435\u0431\u0435\u043a \u0437\u0430\u043f\u0440\u043e\u0441\u0438\u0432 1020 \u043a\u0430\u043d\u0434\u0438\u0434\u0430\u0442\u0456\u0432 \u0456\u0437 \u041a\u0432\u0435\u0431\u0435\u0446\u044c\u043a\u043e\u0457 \u043f\u0440\u043e\u0433\u0440\u0430\u043c\u0438 \u043a\u0432\u0430\u043b\u0456\u0444\u0456\u043a\u043e\u0432\u0430\u043d\u0438\u0445 \u0440\u043e\u0431\u0456\u0442\u043d\u0438\u043a\u0456\u0432 \u043f\u043e\u0434\u0430\u0442\u0438 \u0437\u0430\u044f\u0432\u043a\u0443 \u043d\u0430 \u043f\u043e\u0441\u0442\u0456\u0439\u043d\u0438\u0439 \u0432\u0456\u0434\u0431\u0456\u0440. \u0423\u0441\u0456 \u043a\u0430\u043d\u0434\u0438\u0434\u0430\u0442\u0438 \u043c\u0430\u043b\u0438 \u0431\u0430\u043b\u0438, \u0449\u043e \u0440\u0456\u0432\u043d\u0456 \u0430\u0431\u043e \u043f\u0435\u0440\u0435\u0432\u0438\u0449\u0443\u0432\u0430\u043b\u0438 598, \u0442\u0430 \u0434\u0456\u0439\u0441\u043d\u0456 \u043f\u0440\u043e\u043f\u043e\u0437\u0438\u0446\u0456\u0457 \u0449\u043e\u0434\u043e \u0440\u043e\u0431\u043e\u0442\u0438 \u0437\u0430 \u043c\u0435\u0436\u0430\u043c\u0438 \u0442\u0435\u0440\u0438\u0442\u043e\u0440\u0456\u0457 Communaut\u00e9 m\u00e9tropolitaine de Montr\u00e9al.<\/p>\r\n<p>\u041c\u0430\u043d\u0456\u0442\u043e\u0431\u0430<\/p>\r\n<p>\u041c\u0430\u043d\u0456\u0442\u043e\u0431\u0430 \u0437\u0430\u043f\u0440\u043e\u043f\u043e\u043d\u0443\u0432\u0430\u043b\u0430 \u043f\u043e\u0434\u0430\u0442\u0438 558 \u0440\u0435\u043a\u043e\u043c\u0435\u043d\u0434\u0430\u0446\u0456\u0439\u043d\u0438\u0445 \u043b\u0438\u0441\u0442\u0456\u0432 \u043a\u0430\u043d\u0434\u0438\u0434\u0430\u0442\u0430\u043c \u0443 \u043f\u043e\u0442\u043e\u0446\u0456 Skilled Workers Overseas \u0443 \u0440\u0430\u043c\u043a\u0430\u0445 \u041f\u0440\u043e\u0433\u0440\u0430\u043c\u0438 \u043d\u043e\u043c\u0456\u043d\u0430\u043d\u0442\u0456\u0432 \u043f\u0440\u043e\u0432\u0456\u043d\u0446\u0456\u0457 \u041c\u0430\u043d\u0456\u0442\u043e\u0431\u0430 (MPNP). \u041a\u0430\u043d\u0434\u0438\u0434\u0430\u0442\u0438 \u043c\u0430\u043b\u0438 \u043d\u0430\u0431\u0440\u0430\u0442\u0438 \u043c\u0456\u043d\u0456\u043c\u0443\u043c 616 \u0431\u0430\u043b\u0456\u0432, \u0449\u043e\u0431 \u043c\u0430\u0442\u0438 \u043f\u0440\u0430\u0432\u043e \u043d\u0430 \u0443\u0447\u0430\u0441\u0442\u044c.<\/p>\r\n<p>\u0423 \u0446\u044c\u043e\u043c\u0443 \u0432\u0456\u0434\u0431\u043e\u0440\u0456 \u0431\u0443\u043b\u043e \u0432\u0456\u0434\u0456\u0431\u0440\u0430\u043d\u043e \u043b\u0438\u0448\u0435 \u043a\u0430\u043d\u0434\u0438\u0434\u0430\u0442\u0456\u0432, \u044f\u043a\u0456 \u0432\u043a\u0430\u0437\u0430\u043b\u0438, \u0449\u043e \u0432\u043e\u043d\u0438 \u043f\u0440\u0430\u0446\u044e\u044e\u0442\u044c \u0437\u0430 \u0440\u0435\u0433\u0443\u043b\u044c\u043e\u0432\u0430\u043d\u043e\u044e \u043f\u0440\u043e\u0444\u0435\u0441\u0456\u0454\u044e \u0442\u0430 \u043c\u0430\u044e\u0442\u044c \u043f\u043e\u0432\u043d\u0443 \u043b\u0456\u0446\u0435\u043d\u0437\u0456\u044e \u043d\u0430 \u0440\u043e\u0431\u043e\u0442\u0443 \u0432 \u041c\u0430\u043d\u0456\u0442\u043e\u0431\u0456.<\/p>\r\n<p>\u0406\u043c\u043c\u0456\u0433\u0440\u0430\u0446\u0456\u044f \u0432 \u041a\u0430\u043d\u0430\u0434\u0443. \u0412\u0456\u0437\u0430 \u0432 \u041a\u0430\u043d\u0430\u0434\u0443.<\/p>","protected":false},"excerpt":{"rendered":"\u0411\u0440\u0438\u0442\u0430\u043d\u0441\u044c\u043a\u0430 \u041a\u043e\u043b\u0443\u043c\u0431\u0456\u044f, \u0410\u043b\u044c\u0431\u0435\u0440\u0442\u0430, \u041a\u0432\u0435\u0431\u0435\u043a \u0442\u0430 \u041c\u0430\u043d\u0456\u0442\u043e\u0431\u0430 \u0432\u0438\u0434\u0430\u044e\u0442\u044c \u0437\u0430\u043f\u0440\u043e\u0448\u0435\u043d\u043d\u044f \u0434\u043b\u044f \u043f\u0440\u043e\u0432\u0456\u043d\u0446\u0456\u0439\u043d\u043e\u0457 \u0456\u043c\u043c\u0456\u0433\u0440\u0430\u0446\u0456\u0457. \u0411\u0456\u043b\u044c\u0448\u0456\u0441\u0442\u044c \u0435\u043a\u043e\u043d\u043e\u043c\u0456\u0447\u043d\u0438\u0445 \u0456\u043c\u043c\u0456\u0433\u0440\u0430\u043d\u0442\u0456\u0432, \u044f\u043a\u0456 \u043f\u043e\u0441\u0442\u0456\u0439\u043d\u043e \u043c\u0435\u0448\u043a\u0430\u044e\u0442\u044c \u0443 \u041a\u0430\u043d\u0430\u0434\u0456, \u043f\u0440\u0438\u0431\u0443\u0432\u0430\u044e\u0442\u044c \u0434\u043e \u041a\u0430\u043d\u0430\u0434\u0438 \u0432 \u0440\u0430\u043c\u043a\u0430\u0445 \u043f\u0440\u043e\u0433\u0440\u0430\u043c\u0438 Provincial Nominee Program (PNP). \u0423 \u041f\u043b\u0430\u043d\u0456 \u0440\u0456\u0432\u043d\u0456\u0432 \u0456\u043c\u043c\u0456\u0433\u0440\u0430\u0446\u0456\u0457 \u043d\u0430 2023\u20132025 \u0440\u043e\u043a\u0438 \u043f\u043e\u0441\u0442\u0430\u0432\u043b\u0435\u043d\u043e \u043c\u0435\u0442\u0443, \u0449\u043e\u0431 \u0434\u043e 2025 \u0440\u043e\u043a\u0443 \u0434\u043e \u041a\u0430\u043d\u0430\u0434\u0438 \u0449\u043e\u0440\u043e\u043a\u0443 \u043f\u0440\u0438\u0431\u0443\u0432\u0430\u043b\u043e \u043f\u043e\u043d\u0430\u0434 117 500 \u043d\u043e\u0432\u0438\u0445 \u043f\u043e\u0441\u0442\u0456\u0439\u043d\u0438\u0445 \u043c\u0435\u0448\u043a\u0430\u043d\u0446\u0456\u0432 PNP. PNP \u0434\u043e\u043f\u043e\u043c\u0430\u0433\u0430\u044e\u0442\u044c [&hellip;]","protected":false},"author":1,"featured_media":0,"parent":2747,"menu_order":0,"comment_status":"closed","ping_status":"closed","template":"page-content.php","meta":[],"_links":{"self":[{"href":"https:\/\/immigratecan.ca\/uk\/wp-json\/wp\/v2\/pages\/6076"}],"collection":[{"href":"https:\/\/immigratecan.ca\/uk\/wp-json\/wp\/v2\/pages"}],"about":[{"href":"https:\/\/immigratecan.ca\/uk\/wp-json\/wp\/v2\/types\/page"}],"author":[{"embeddable":true,"href":"https:\/\/immigratecan.ca\/uk\/wp-json\/wp\/v2\/users\/1"}],"replies":[{"embeddable":true,"href":"https:\/\/immigratecan.ca\/uk\/wp-json\/wp\/v2\/comments?post=6076"}],"version-history":[{"count":2,"href":"https:\/\/immigratecan.ca\/uk\/wp-json\/wp\/v2\/pages\/6076\/revisions"}],"predecessor-version":[{"id":6079,"href":"https:\/\/immigratecan.ca\/uk\/wp-json\/wp\/v2\/pages\/6076\/revisions\/6079"}],"up":[{"embeddable":true,"href":"https:\/\/immigratecan.ca\/uk\/wp-json\/wp\/v2\/pages\/2747"}],"wp:attachment":[{"href":"https:\/\/immigratecan.ca\/uk\/wp-json\/wp\/v2\/media?parent=6076"}],"curies":[{"name":"wp","href":"https:\/\/api.w.org\/{rel}","templated":true}]}}